{"id":1263,"date":"2022-10-10T18:34:47","date_gmt":"2022-10-10T17:34:47","guid":{"rendered":"https:\/\/kitartwork.tn\/videography\/"},"modified":"2025-06-19T03:14:35","modified_gmt":"2025-06-19T02:14:35","slug":"videography","status":"publish","type":"page","link":"https:\/\/kitartwork.tn\/fr\/videography\/","title":{"rendered":"Vid\u00e9ographie"},"content":{"rendered":"\t\t<div data-elementor-type=\"wp-page\" data-elementor-id=\"1263\" class=\"elementor elementor-1263 elementor-49\">\n\t\t\t\t\t\t<section class=\"elementor-section elementor-top-section elementor-element elementor-element-de19612 elementor-section-boxed elementor-section-height-default elementor-section-height-default\" data-id=\"de19612\" data-element_type=\"section\">\n\t\t\t\t\t\t<div class=\"elementor-container elementor-column-gap-default\">\n\t\t\t\t\t<div class=\"elementor-column elementor-col-100 elementor-top-column elementor-element elementor-element-96b23b5\" data-id=\"96b23b5\" data-element_type=\"column\">\n\t\t\t<div class=\"elementor-widget-wrap elementor-element-populated\">\n\t\t\t\t\t\t<div class=\"elementor-element elementor-element-40fae0e elementor-widget elementor-widget-text-editor\" data-id=\"40fae0e\" data-element_type=\"widget\" data-widget_type=\"text-editor.default\">\n\t\t\t\t<div class=\"elementor-widget-container\">\n\t\t\t\t\t\t\t\t\t<p>J&rsquo;ai r\u00e9alis\u00e9 toutes sortes de vid\u00e9os, Drones, Corporate, Interviews, Clips musicaux, Sessions live, Ev\u00e9nements et PLUS encore&#8230;<\/p>\n<p>Tout peut \u00eatre \u00e9dit\u00e9, tourn\u00e9 et produit par mes soins.<\/p>\n<p>Certaines de ces vid\u00e9os ont atteint plus de 2 millions de vues et j&rsquo;ai travaill\u00e9 avec des entreprises bien \u00e9tablies et <span style=\"font-family: Roboto, sans-serif; font-size: 16px; font-style: normal; font-variant-ligatures: normal; font-variant-caps: normal; font-weight: 400; color: var( --e-global-color-text );\">collabor\u00e9 avec des c\u00e9l\u00e9brit\u00e9s<\/span>.<\/p>\t\t\t\t\t\t\t\t<\/div>\n\t\t\t\t<\/div>\n\t\t\t\t\t<\/div>\n\t\t<\/div>\n\t\t\t\t\t<\/div>\n\t\t<\/section>\n\t\t\t\t<section class=\"elementor-section elementor-top-section elementor-element elementor-element-0aebdc9 elementor-section-boxed elementor-section-height-default elementor-section-height-default\" data-id=\"0aebdc9\" data-element_type=\"section\">\n\t\t\t\t\t\t<div class=\"elementor-container elementor-column-gap-default\">\n\t\t\t\t\t<div class=\"elementor-column elementor-col-100 elementor-top-column elementor-element elementor-element-96df7c6\" data-id=\"96df7c6\" data-element_type=\"column\">\n\t\t\t<div class=\"elementor-widget-wrap elementor-element-populated\">\n\t\t\t\t\t\t<div class=\"elementor-element elementor-element-935e1c1 elementor-widget elementor-widget-heading\" data-id=\"935e1c1\" data-element_type=\"widget\" data-widget_type=\"heading.default\">\n\t\t\t\t<div class=\"elementor-widget-container\">\n\t\t\t\t\t<h3 class=\"elementor-heading-title elementor-size-default\">...VID\u00c9OS MUSICALES...<\/h3>\t\t\t\t<\/div>\n\t\t\t\t<\/div>\n\t\t\t\t\t<\/div>\n\t\t<\/div>\n\t\t\t\t\t<\/div>\n\t\t<\/section>\n\t\t\t\t<section class=\"elementor-section elementor-top-section elementor-element elementor-element-3b07727 elementor-section-boxed elementor-section-height-default elementor-section-height-default\" data-id=\"3b07727\" data-element_type=\"section\">\n\t\t\t\t\t\t<div class=\"elementor-container elementor-column-gap-default\">\n\t\t\t\t\t<div class=\"elementor-column elementor-col-100 elementor-top-column elementor-element elementor-element-c7e9dc0\" data-id=\"c7e9dc0\" data-element_type=\"column\">\n\t\t\t<div class=\"elementor-widget-wrap elementor-element-populated\">\n\t\t\t\t\t\t<div class=\"elementor-element elementor-element-6d50d70 elementor-widget elementor-widget-video\" data-id=\"6d50d70\" data-element_type=\"widget\" data-settings=\"{&quot;youtube_url&quot;:&quot;https:\\\/\\\/www.youtube.com\\\/watch?v=AdR9shTGWEo&amp;ab_channel=WildTunesProduction&quot;,&quot;video_type&quot;:&quot;youtube&quot;,&quot;controls&quot;:&quot;yes&quot;}\" data-widget_type=\"video.default\">\n\t\t\t\t<div class=\"elementor-widget-container\">\n\t\t\t\t\t\t\t<div class=\"elementor-wrapper elementor-open-inline\">\n\t\t\t<div class=\"elementor-video\"><\/div>\t\t<\/div>\n\t\t\t\t\t\t<\/div>\n\t\t\t\t<\/div>\n\t\t\t\t<div class=\"elementor-element elementor-element-79c5499 elementor-widget elementor-widget-video\" data-id=\"79c5499\" data-element_type=\"widget\" data-settings=\"{&quot;youtube_url&quot;:&quot;https:\\\/\\\/www.youtube.com\\\/watch?v=KbAHFMZd_p4&amp;ab_channel=MyryamToukabri&quot;,&quot;video_type&quot;:&quot;youtube&quot;,&quot;controls&quot;:&quot;yes&quot;}\" data-widget_type=\"video.default\">\n\t\t\t\t<div class=\"elementor-widget-container\">\n\t\t\t\t\t\t\t<div class=\"elementor-wrapper elementor-open-inline\">\n\t\t\t<div class=\"elementor-video\"><\/div>\t\t<\/div>\n\t\t\t\t\t\t<\/div>\n\t\t\t\t<\/div>\n\t\t\t\t\t<\/div>\n\t\t<\/div>\n\t\t\t\t\t<\/div>\n\t\t<\/section>\n\t\t\t\t<section class=\"elementor-section elementor-top-section elementor-element elementor-element-d0bb470 elementor-section-boxed elementor-section-height-default elementor-section-height-default\" data-id=\"d0bb470\" data-element_type=\"section\">\n\t\t\t\t\t\t<div class=\"elementor-container elementor-column-gap-default\">\n\t\t\t\t\t<div class=\"elementor-column elementor-col-100 elementor-top-column elementor-element elementor-element-b34b13c\" data-id=\"b34b13c\" data-element_type=\"column\">\n\t\t\t<div class=\"elementor-widget-wrap elementor-element-populated\">\n\t\t\t\t\t\t<div class=\"elementor-element elementor-element-aa486a4 elementor-widget elementor-widget-video\" data-id=\"aa486a4\" data-element_type=\"widget\" data-settings=\"{&quot;youtube_url&quot;:&quot;https:\\\/\\\/www.youtube.com\\\/watch?v=CA4-LAQjXKQ&amp;ab_channel=WildTunesProduction&quot;,&quot;video_type&quot;:&quot;youtube&quot;,&quot;controls&quot;:&quot;yes&quot;}\" data-widget_type=\"video.default\">\n\t\t\t\t<div class=\"elementor-widget-container\">\n\t\t\t\t\t\t\t<div class=\"elementor-wrapper elementor-open-inline\">\n\t\t\t<div class=\"elementor-video\"><\/div>\t\t<\/div>\n\t\t\t\t\t\t<\/div>\n\t\t\t\t<\/div>\n\t\t\t\t<div class=\"elementor-element elementor-element-3ac2d14 elementor-widget elementor-widget-video\" data-id=\"3ac2d14\" data-element_type=\"widget\" data-settings=\"{&quot;youtube_url&quot;:&quot;https:\\\/\\\/www.youtube.com\\\/watch?v=WY_Jp0E84Xk&amp;ab_channel=SofarSounds&quot;,&quot;video_type&quot;:&quot;youtube&quot;,&quot;controls&quot;:&quot;yes&quot;}\" data-widget_type=\"video.default\">\n\t\t\t\t<div class=\"elementor-widget-container\">\n\t\t\t\t\t\t\t<div class=\"elementor-wrapper elementor-open-inline\">\n\t\t\t<div class=\"elementor-video\"><\/div>\t\t<\/div>\n\t\t\t\t\t\t<\/div>\n\t\t\t\t<\/div>\n\t\t\t\t<div class=\"elementor-element elementor-element-6a24784 elementor-widget elementor-widget-video\" data-id=\"6a24784\" data-element_type=\"widget\" data-settings=\"{&quot;youtube_url&quot;:&quot;https:\\\/\\\/www.youtube.com\\\/watch?v=Y0UFkM0UZk0&quot;,&quot;video_type&quot;:&quot;youtube&quot;,&quot;controls&quot;:&quot;yes&quot;}\" data-widget_type=\"video.default\">\n\t\t\t\t<div class=\"elementor-widget-container\">\n\t\t\t\t\t\t\t<div class=\"elementor-wrapper elementor-open-inline\">\n\t\t\t<div class=\"elementor-video\"><\/div>\t\t<\/div>\n\t\t\t\t\t\t<\/div>\n\t\t\t\t<\/div>\n\t\t\t\t\t<\/div>\n\t\t<\/div>\n\t\t\t\t\t<\/div>\n\t\t<\/section>\n\t\t\t\t<section class=\"elementor-section elementor-top-section elementor-element elementor-element-4935d11 elementor-section-boxed elementor-section-height-default elementor-section-height-default\" data-id=\"4935d11\" data-element_type=\"section\">\n\t\t\t\t\t\t<div class=\"elementor-container elementor-column-gap-default\">\n\t\t\t\t\t<div class=\"elementor-column elementor-col-100 elementor-top-column elementor-element elementor-element-e8c1c21\" data-id=\"e8c1c21\" data-element_type=\"column\">\n\t\t\t<div class=\"elementor-widget-wrap elementor-element-populated\">\n\t\t\t\t\t\t<div class=\"elementor-element elementor-element-8c49365 elementor-widget elementor-widget-video\" data-id=\"8c49365\" data-element_type=\"widget\" data-settings=\"{&quot;youtube_url&quot;:&quot;https:\\\/\\\/www.youtube.com\\\/watch?v=EOJ_NVZMJ9Q&quot;,&quot;video_type&quot;:&quot;youtube&quot;,&quot;controls&quot;:&quot;yes&quot;}\" data-widget_type=\"video.default\">\n\t\t\t\t<div class=\"elementor-widget-container\">\n\t\t\t\t\t\t\t<div class=\"elementor-wrapper elementor-open-inline\">\n\t\t\t<div class=\"elementor-video\"><\/div>\t\t<\/div>\n\t\t\t\t\t\t<\/div>\n\t\t\t\t<\/div>\n\t\t\t\t\t<\/div>\n\t\t<\/div>\n\t\t\t\t\t<\/div>\n\t\t<\/section>\n\t\t\t\t<section class=\"elementor-section elementor-top-section elementor-element elementor-element-c8543e6 elementor-section-boxed elementor-section-height-default elementor-section-height-default\" data-id=\"c8543e6\" data-element_type=\"section\">\n\t\t\t\t\t\t<div class=\"elementor-container elementor-column-gap-default\">\n\t\t\t\t\t<div class=\"elementor-column elementor-col-100 elementor-top-column elementor-element elementor-element-3722a44\" data-id=\"3722a44\" data-element_type=\"column\">\n\t\t\t<div class=\"elementor-widget-wrap\">\n\t\t\t\t\t\t\t<\/div>\n\t\t<\/div>\n\t\t\t\t\t<\/div>\n\t\t<\/section>\n\t\t\t\t<section class=\"elementor-section elementor-top-section elementor-element elementor-element-6015ecd elementor-section-boxed elementor-section-height-default elementor-section-height-default\" data-id=\"6015ecd\" data-element_type=\"section\">\n\t\t\t\t\t\t<div class=\"elementor-container elementor-column-gap-default\">\n\t\t\t\t\t<div class=\"elementor-column elementor-col-100 elementor-top-column elementor-element elementor-element-051e148\" data-id=\"051e148\" data-element_type=\"column\">\n\t\t\t<div class=\"elementor-widget-wrap elementor-element-populated\">\n\t\t\t\t\t\t<div class=\"elementor-element elementor-element-acb3f0e elementor-widget elementor-widget-heading\" data-id=\"acb3f0e\" data-element_type=\"widget\" data-widget_type=\"heading.default\">\n\t\t\t\t<div class=\"elementor-widget-container\">\n\t\t\t\t\t<h3 class=\"elementor-heading-title elementor-size-default\">... DES INTERVIEWS ET DES ENTREPRISES...<\/h3>\t\t\t\t<\/div>\n\t\t\t\t<\/div>\n\t\t\t\t\t<\/div>\n\t\t<\/div>\n\t\t\t\t\t<\/div>\n\t\t<\/section>\n\t\t\t\t<section class=\"elementor-section elementor-top-section elementor-element elementor-element-ee6a628 elementor-section-boxed elementor-section-height-default elementor-section-height-default\" data-id=\"ee6a628\" data-element_type=\"section\">\n\t\t\t\t\t\t<div class=\"elementor-container elementor-column-gap-default\">\n\t\t\t\t\t<div class=\"elementor-column elementor-col-100 elementor-top-column elementor-element elementor-element-6258305\" data-id=\"6258305\" data-element_type=\"column\">\n\t\t\t<div class=\"elementor-widget-wrap elementor-element-populated\">\n\t\t\t\t\t\t<div class=\"elementor-element elementor-element-afd7624 elementor-widget elementor-widget-video\" data-id=\"afd7624\" data-element_type=\"widget\" data-settings=\"{&quot;youtube_url&quot;:&quot;https:\\\/\\\/www.youtube.com\\\/watch?v=eCtDoo14sZI&quot;,&quot;video_type&quot;:&quot;youtube&quot;,&quot;controls&quot;:&quot;yes&quot;}\" data-widget_type=\"video.default\">\n\t\t\t\t<div class=\"elementor-widget-container\">\n\t\t\t\t\t\t\t<div class=\"elementor-wrapper elementor-open-inline\">\n\t\t\t<div class=\"elementor-video\"><\/div>\t\t<\/div>\n\t\t\t\t\t\t<\/div>\n\t\t\t\t<\/div>\n\t\t\t\t\t<\/div>\n\t\t<\/div>\n\t\t\t\t\t<\/div>\n\t\t<\/section>\n\t\t\t\t<section class=\"elementor-section elementor-top-section elementor-element elementor-element-750426f elementor-section-boxed elementor-section-height-default elementor-section-height-default\" data-id=\"750426f\" data-element_type=\"section\">\n\t\t\t\t\t\t<div class=\"elementor-container elementor-column-gap-default\">\n\t\t\t\t\t<div class=\"elementor-column elementor-col-100 elementor-top-column elementor-element elementor-element-78e3dbb\" data-id=\"78e3dbb\" data-element_type=\"column\">\n\t\t\t<div class=\"elementor-widget-wrap elementor-element-populated\">\n\t\t\t\t\t\t<div class=\"elementor-element elementor-element-2e3c164 elementor-widget elementor-widget-video\" data-id=\"2e3c164\" data-element_type=\"widget\" data-settings=\"{&quot;youtube_url&quot;:&quot;https:\\\/\\\/www.youtube.com\\\/watch?v=laJWGA9tsE4&quot;,&quot;video_type&quot;:&quot;youtube&quot;,&quot;controls&quot;:&quot;yes&quot;}\" data-widget_type=\"video.default\">\n\t\t\t\t<div class=\"elementor-widget-container\">\n\t\t\t\t\t\t\t<div class=\"elementor-wrapper elementor-open-inline\">\n\t\t\t<div class=\"elementor-video\"><\/div>\t\t<\/div>\n\t\t\t\t\t\t<\/div>\n\t\t\t\t<\/div>\n\t\t\t\t\t<\/div>\n\t\t<\/div>\n\t\t\t\t\t<\/div>\n\t\t<\/section>\n\t\t\t\t<section class=\"elementor-section elementor-top-section elementor-element elementor-element-d29b5dd elementor-section-boxed elementor-section-height-default elementor-section-height-default\" data-id=\"d29b5dd\" data-element_type=\"section\">\n\t\t\t\t\t\t<div class=\"elementor-container elementor-column-gap-default\">\n\t\t\t\t\t<div class=\"elementor-column elementor-col-100 elementor-top-column elementor-element elementor-element-008feee\" data-id=\"008feee\" data-element_type=\"column\">\n\t\t\t<div class=\"elementor-widget-wrap elementor-element-populated\">\n\t\t\t\t\t\t<div class=\"elementor-element elementor-element-f3f40c4 elementor-widget elementor-widget-heading\" data-id=\"f3f40c4\" data-element_type=\"widget\" data-widget_type=\"heading.default\">\n\t\t\t\t<div class=\"elementor-widget-container\">\n\t\t\t\t\t<h3 class=\"elementor-heading-title elementor-size-default\">...EVENEMENTS ...<\/h3>\t\t\t\t<\/div>\n\t\t\t\t<\/div>\n\t\t\t\t\t<\/div>\n\t\t<\/div>\n\t\t\t\t\t<\/div>\n\t\t<\/section>\n\t\t\t\t<section class=\"elementor-section elementor-top-section elementor-element elementor-element-4b6d3f7 elementor-section-boxed elementor-section-height-default elementor-section-height-default\" data-id=\"4b6d3f7\" data-element_type=\"section\">\n\t\t\t\t\t\t<div class=\"elementor-container elementor-column-gap-default\">\n\t\t\t\t\t<div class=\"elementor-column elementor-col-100 elementor-top-column elementor-element elementor-element-b4b398c\" data-id=\"b4b398c\" data-element_type=\"column\">\n\t\t\t<div class=\"elementor-widget-wrap elementor-element-populated\">\n\t\t\t\t\t\t<div class=\"elementor-element elementor-element-17ee75d elementor-widget elementor-widget-video\" data-id=\"17ee75d\" data-element_type=\"widget\" data-settings=\"{&quot;youtube_url&quot;:&quot;https:\\\/\\\/youtu.be\\\/sYrLfaTDycc&quot;,&quot;video_type&quot;:&quot;youtube&quot;,&quot;controls&quot;:&quot;yes&quot;}\" data-widget_type=\"video.default\">\n\t\t\t\t<div class=\"elementor-widget-container\">\n\t\t\t\t\t\t\t<div class=\"elementor-wrapper elementor-open-inline\">\n\t\t\t<div class=\"elementor-video\"><\/div>\t\t<\/div>\n\t\t\t\t\t\t<\/div>\n\t\t\t\t<\/div>\n\t\t\t\t\t<\/div>\n\t\t<\/div>\n\t\t\t\t\t<\/div>\n\t\t<\/section>\n\t\t\t\t<\/div>\n\t\t","protected":false},"excerpt":{"rendered":"<p>J&rsquo;ai r\u00e9alis\u00e9 toutes sortes de vid\u00e9os, Drones, Corporate, Interviews, Clips musicaux, Sessions live, Ev\u00e9nements et PLUS encore&#8230; Tout peut \u00eatre \u00e9dit\u00e9, tourn\u00e9 et produit par mes soins. Certaines de ces vid\u00e9os ont atteint plus de 2 millions de vues et j&rsquo;ai travaill\u00e9 avec des entreprises bien \u00e9tablies et collabor\u00e9 avec des c\u00e9l\u00e9brit\u00e9s. &#8230;VID\u00c9OS MUSICALES&#8230; &#8230; DES INTERVIEWS ET DES ENTREPRISES&#8230; https:\/\/www.youtube.com\/watch?v=eCtDoo14sZIhttps:\/\/www.youtube.com\/watch?v=laJWGA9tsE4 &#8230;EVENEMENTS &#8230;<\/p>\n","protected":false},"author":1,"featured_media":0,"parent":0,"menu_order":0,"comment_status":"closed","ping_status":"closed","template":"","meta":{"footnotes":""},"class_list":["post-1263","page","type-page","status-publish","hentry"],"yoast_head":"<!-- This site is optimized with the Yoast SEO plugin v25.3.1 - https:\/\/yoast.com\/wordpress\/plugins\/seo\/ -->\n<title>Vid\u00e9ographie - Ilyes Bourigua<\/title>\n<meta name=\"robots\" content=\"index, follow, max-snippet:-1, max-image-preview:large, max-video-preview:-1\" \/>\n<link rel=\"canonical\" href=\"https:\/\/kitartwork.tn\/fr\/videography\/\" \/>\n<meta property=\"og:locale\" content=\"fr_FR\" \/>\n<meta property=\"og:type\" content=\"article\" \/>\n<meta property=\"og:title\" content=\"Vid\u00e9ographie - Ilyes Bourigua\" \/>\n<meta property=\"og:description\" content=\"J&rsquo;ai r\u00e9alis\u00e9 toutes sortes de vid\u00e9os, Drones, Corporate, Interviews, Clips musicaux, Sessions live, Ev\u00e9nements et PLUS encore&#8230; Tout peut \u00eatre \u00e9dit\u00e9, tourn\u00e9 et produit par mes soins. Certaines de ces vid\u00e9os ont atteint plus de 2 millions de vues et j&rsquo;ai travaill\u00e9 avec des entreprises bien \u00e9tablies et collabor\u00e9 avec des c\u00e9l\u00e9brit\u00e9s. &#8230;VID\u00c9OS MUSICALES&#8230; &#8230; DES INTERVIEWS ET DES ENTREPRISES&#8230; https:\/\/www.youtube.com\/watch?v=eCtDoo14sZIhttps:\/\/www.youtube.com\/watch?v=laJWGA9tsE4 &#8230;EVENEMENTS &#8230;\" \/>\n<meta property=\"og:url\" content=\"https:\/\/kitartwork.tn\/fr\/videography\/\" \/>\n<meta property=\"og:site_name\" content=\"Ilyes Bourigua\" \/>\n<meta property=\"article:publisher\" content=\"https:\/\/www.facebook.com\/Kit.Elijah\/\" \/>\n<meta property=\"article:modified_time\" content=\"2025-06-19T02:14:35+00:00\" \/>\n<meta name=\"twitter:card\" content=\"summary_large_image\" \/>\n<meta name=\"twitter:label1\" content=\"Dur\u00e9e de lecture estim\u00e9e\" \/>\n\t<meta name=\"twitter:data1\" content=\"1 minute\" \/>\n<script type=\"application\/ld+json\" class=\"yoast-schema-graph\">{\"@context\":\"https:\/\/schema.org\",\"@graph\":[{\"@type\":\"WebPage\",\"@id\":\"https:\/\/kitartwork.tn\/fr\/videography\/\",\"url\":\"https:\/\/kitartwork.tn\/fr\/videography\/\",\"name\":\"Vid\u00e9ographie - Ilyes Bourigua\",\"isPartOf\":{\"@id\":\"https:\/\/kitartwork.tn\/#website\"},\"datePublished\":\"2022-10-10T17:34:47+00:00\",\"dateModified\":\"2025-06-19T02:14:35+00:00\",\"breadcrumb\":{\"@id\":\"https:\/\/kitartwork.tn\/fr\/videography\/#breadcrumb\"},\"inLanguage\":\"fr-FR\",\"potentialAction\":[{\"@type\":\"ReadAction\",\"target\":[\"https:\/\/kitartwork.tn\/fr\/videography\/\"]}]},{\"@type\":\"BreadcrumbList\",\"@id\":\"https:\/\/kitartwork.tn\/fr\/videography\/#breadcrumb\",\"itemListElement\":[{\"@type\":\"ListItem\",\"position\":1,\"name\":\"Home\",\"item\":\"https:\/\/kitartwork.tn\/\"},{\"@type\":\"ListItem\",\"position\":2,\"name\":\"Vid\u00e9ographie\"}]},{\"@type\":\"WebSite\",\"@id\":\"https:\/\/kitartwork.tn\/#website\",\"url\":\"https:\/\/kitartwork.tn\/\",\"name\":\"Kitartwork\",\"description\":\"Kit Portfolio\",\"publisher\":{\"@id\":\"https:\/\/kitartwork.tn\/#\/schema\/person\/2cfb9c4b175b1f7c3b3d248114a4ab98\"},\"potentialAction\":[{\"@type\":\"SearchAction\",\"target\":{\"@type\":\"EntryPoint\",\"urlTemplate\":\"https:\/\/kitartwork.tn\/?s={search_term_string}\"},\"query-input\":{\"@type\":\"PropertyValueSpecification\",\"valueRequired\":true,\"valueName\":\"search_term_string\"}}],\"inLanguage\":\"fr-FR\"},{\"@type\":[\"Person\",\"Organization\"],\"@id\":\"https:\/\/kitartwork.tn\/#\/schema\/person\/2cfb9c4b175b1f7c3b3d248114a4ab98\",\"name\":\"admin\",\"image\":{\"@type\":\"ImageObject\",\"inLanguage\":\"fr-FR\",\"@id\":\"https:\/\/kitartwork.tn\/#\/schema\/person\/image\/\",\"url\":\"https:\/\/kitartwork.tn\/wp-content\/uploads\/2022\/10\/cropped-black.png\",\"contentUrl\":\"https:\/\/kitartwork.tn\/wp-content\/uploads\/2022\/10\/cropped-black.png\",\"width\":892,\"height\":902,\"caption\":\"admin\"},\"logo\":{\"@id\":\"https:\/\/kitartwork.tn\/#\/schema\/person\/image\/\"},\"sameAs\":[\"http:\/\/kitartwork.com\",\"https:\/\/www.facebook.com\/Kit.Elijah\/\",\"https:\/\/www.instagram.com\/kit.ilyes\",\"https:\/\/www.linkedin.com\/in\/ilyesbouriga\/\"]}]}<\/script>\n<!-- \/ Yoast SEO plugin. -->","yoast_head_json":{"title":"Vid\u00e9ographie - Ilyes Bourigua","robots":{"index":"index","follow":"follow","max-snippet":"max-snippet:-1","max-image-preview":"max-image-preview:large","max-video-preview":"max-video-preview:-1"},"canonical":"https:\/\/kitartwork.tn\/fr\/videography\/","og_locale":"fr_FR","og_type":"article","og_title":"Vid\u00e9ographie - Ilyes Bourigua","og_description":"J&rsquo;ai r\u00e9alis\u00e9 toutes sortes de vid\u00e9os, Drones, Corporate, Interviews, Clips musicaux, Sessions live, Ev\u00e9nements et PLUS encore&#8230; Tout peut \u00eatre \u00e9dit\u00e9, tourn\u00e9 et produit par mes soins. Certaines de ces vid\u00e9os ont atteint plus de 2 millions de vues et j&rsquo;ai travaill\u00e9 avec des entreprises bien \u00e9tablies et collabor\u00e9 avec des c\u00e9l\u00e9brit\u00e9s. &#8230;VID\u00c9OS MUSICALES&#8230; &#8230; DES INTERVIEWS ET DES ENTREPRISES&#8230; https:\/\/www.youtube.com\/watch?v=eCtDoo14sZIhttps:\/\/www.youtube.com\/watch?v=laJWGA9tsE4 &#8230;EVENEMENTS &#8230;","og_url":"https:\/\/kitartwork.tn\/fr\/videography\/","og_site_name":"Ilyes Bourigua","article_publisher":"https:\/\/www.facebook.com\/Kit.Elijah\/","article_modified_time":"2025-06-19T02:14:35+00:00","twitter_card":"summary_large_image","twitter_misc":{"Dur\u00e9e de lecture estim\u00e9e":"1 minute"},"schema":{"@context":"https:\/\/schema.org","@graph":[{"@type":"WebPage","@id":"https:\/\/kitartwork.tn\/fr\/videography\/","url":"https:\/\/kitartwork.tn\/fr\/videography\/","name":"Vid\u00e9ographie - Ilyes Bourigua","isPartOf":{"@id":"https:\/\/kitartwork.tn\/#website"},"datePublished":"2022-10-10T17:34:47+00:00","dateModified":"2025-06-19T02:14:35+00:00","breadcrumb":{"@id":"https:\/\/kitartwork.tn\/fr\/videography\/#breadcrumb"},"inLanguage":"fr-FR","potentialAction":[{"@type":"ReadAction","target":["https:\/\/kitartwork.tn\/fr\/videography\/"]}]},{"@type":"BreadcrumbList","@id":"https:\/\/kitartwork.tn\/fr\/videography\/#breadcrumb","itemListElement":[{"@type":"ListItem","position":1,"name":"Home","item":"https:\/\/kitartwork.tn\/"},{"@type":"ListItem","position":2,"name":"Vid\u00e9ographie"}]},{"@type":"WebSite","@id":"https:\/\/kitartwork.tn\/#website","url":"https:\/\/kitartwork.tn\/","name":"Kitartwork","description":"Kit Portfolio","publisher":{"@id":"https:\/\/kitartwork.tn\/#\/schema\/person\/2cfb9c4b175b1f7c3b3d248114a4ab98"},"potentialAction":[{"@type":"SearchAction","target":{"@type":"EntryPoint","urlTemplate":"https:\/\/kitartwork.tn\/?s={search_term_string}"},"query-input":{"@type":"PropertyValueSpecification","valueRequired":true,"valueName":"search_term_string"}}],"inLanguage":"fr-FR"},{"@type":["Person","Organization"],"@id":"https:\/\/kitartwork.tn\/#\/schema\/person\/2cfb9c4b175b1f7c3b3d248114a4ab98","name":"admin","image":{"@type":"ImageObject","inLanguage":"fr-FR","@id":"https:\/\/kitartwork.tn\/#\/schema\/person\/image\/","url":"https:\/\/kitartwork.tn\/wp-content\/uploads\/2022\/10\/cropped-black.png","contentUrl":"https:\/\/kitartwork.tn\/wp-content\/uploads\/2022\/10\/cropped-black.png","width":892,"height":902,"caption":"admin"},"logo":{"@id":"https:\/\/kitartwork.tn\/#\/schema\/person\/image\/"},"sameAs":["http:\/\/kitartwork.com","https:\/\/www.facebook.com\/Kit.Elijah\/","https:\/\/www.instagram.com\/kit.ilyes","https:\/\/www.linkedin.com\/in\/ilyesbouriga\/"]}]}},"_links":{"self":[{"href":"https:\/\/kitartwork.tn\/fr\/wp-json\/wp\/v2\/pages\/1263","targetHints":{"allow":["GET"]}}],"collection":[{"href":"https:\/\/kitartwork.tn\/fr\/wp-json\/wp\/v2\/pages"}],"about":[{"href":"https:\/\/kitartwork.tn\/fr\/wp-json\/wp\/v2\/types\/page"}],"author":[{"embeddable":true,"href":"https:\/\/kitartwork.tn\/fr\/wp-json\/wp\/v2\/users\/1"}],"replies":[{"embeddable":true,"href":"https:\/\/kitartwork.tn\/fr\/wp-json\/wp\/v2\/comments?post=1263"}],"version-history":[{"count":1,"href":"https:\/\/kitartwork.tn\/fr\/wp-json\/wp\/v2\/pages\/1263\/revisions"}],"predecessor-version":[{"id":1266,"href":"https:\/\/kitartwork.tn\/fr\/wp-json\/wp\/v2\/pages\/1263\/revisions\/1266"}],"wp:attachment":[{"href":"https:\/\/kitartwork.tn\/fr\/wp-json\/wp\/v2\/media?parent=1263"}],"curies":[{"name":"wp","href":"https:\/\/api.w.org\/{rel}","templated":true}]}}